{"id":16,"date":"2025-01-07T12:00:46","date_gmt":"2025-01-07T11:00:46","guid":{"rendered":"http:\/\/ojdlzmh.cluster027.hosting.ovh.net\/?page_id=16"},"modified":"2026-02-19T11:18:31","modified_gmt":"2026-02-19T10:18:31","slug":"accueil","status":"publish","type":"page","link":"https:\/\/www.veromicha.com\/","title":{"rendered":"Accueil"},"content":{"rendered":"\n<figure class=\"wp-block-image size-full\"><img loading=\"lazy\" decoding=\"async\" width=\"2560\" height=\"1920\" src=\"http:\/\/www.veromicha.com\/wp-content\/uploads\/2026\/02\/veromicha-balcon-scaled.jpg\" alt=\"\" class=\"wp-image-233\" srcset=\"https:\/\/www.veromicha.com\/wp-content\/uploads\/2026\/02\/veromicha-balcon-scaled.jpg 2560w, https:\/\/www.veromicha.com\/wp-content\/uploads\/2026\/02\/veromicha-balcon-300x225.jpg 300w, https:\/\/www.veromicha.com\/wp-content\/uploads\/2026\/02\/veromicha-balcon-1024x768.jpg 1024w, https:\/\/www.veromicha.com\/wp-content\/uploads\/2026\/02\/veromicha-balcon-768x576.jpg 768w, https:\/\/www.veromicha.com\/wp-content\/uploads\/2026\/02\/veromicha-balcon-1536x1152.jpg 1536w, https:\/\/www.veromicha.com\/wp-content\/uploads\/2026\/02\/veromicha-balcon-2048x1536.jpg 2048w\" sizes=\"auto, (max-width: 2560px) 100vw, 2560px\" \/><\/figure>\n\n\n\n<figure class=\"wp-block-image aligncenter size-full is-resized\" id=\"https:\/\/www.facebook.com\/search\/top?q=veromicha\"><a href=\"https:\/\/www.facebook.com\/veroveloop\"><img loading=\"lazy\" decoding=\"async\" width=\"512\" height=\"512\" src=\"http:\/\/www.veromicha.com\/wp-content\/uploads\/2025\/01\/facebook-icon-flat-gradient-social-iconset-limav-27-1.png\" alt=\"\" class=\"wp-image-172\" style=\"width:64px;height:auto\" srcset=\"https:\/\/www.veromicha.com\/wp-content\/uploads\/2025\/01\/facebook-icon-flat-gradient-social-iconset-limav-27-1.png 512w, https:\/\/www.veromicha.com\/wp-content\/uploads\/2025\/01\/facebook-icon-flat-gradient-social-iconset-limav-27-1-300x300.png 300w, https:\/\/www.veromicha.com\/wp-content\/uploads\/2025\/01\/facebook-icon-flat-gradient-social-iconset-limav-27-1-150x150.png 150w\" sizes=\"auto, (max-width: 512px) 100vw, 512px\" \/><\/a><\/figure>\n\n\n\n<p><strong>Veromicha est auteure-compositrice-interpr\u00e8te marseillaise accompagn\u00e9e \u00e0 la guitare de Thierry Andr\u00e9o.<\/strong><br><br>Prochain concert:<br><a href=\"https:\/\/www.letalus.com\/\">Le Talus <\/a>Tiers-lieu Marseille Mercredi 29 avril 2026<\/p>\n\n\n\n<p><\/p>\n","protected":false},"excerpt":{"rendered":"<p>Veromicha est auteure-compositrice-interpr\u00e8te marseillaise accompagn\u00e9e \u00e0 la guitare de Thierry Andr\u00e9o. Prochain concert:Le Talus Tiers-lieu Marseille Mercredi 29 avril 2026<\/p>\n","protected":false},"author":1,"featured_media":0,"parent":0,"menu_order":0,"comment_status":"closed","ping_status":"closed","template":"","meta":{"_EventAllDay":false,"_EventTimezone":"","_EventStartDate":"","_EventEndDate":"","_EventStartDateUTC":"","_EventEndDateUTC":"","_EventShowMap":false,"_EventShowMapLink":false,"_EventURL":"","_EventCost":"","_EventCostDescription":"","_EventCurrencySymbol":"","_EventCurrencyCode":"","_EventCurrencyPosition":"","_EventDateTimeSeparator":"","_EventTimeRangeSeparator":"","_EventOrganizerID":[],"_EventVenueID":[],"_OrganizerEmail":"","_OrganizerPhone":"","_OrganizerWebsite":"","_VenueAddress":"","_VenueCity":"","_VenueCountry":"","_VenueProvince":"","_VenueState":"","_VenueZip":"","_VenuePhone":"","_VenueURL":"","_VenueStateProvince":"","_VenueLat":"","_VenueLng":"","_VenueShowMap":false,"_VenueShowMapLink":false,"footnotes":""},"class_list":["post-16","page","type-page","status-publish","hentry"],"_links":{"self":[{"href":"https:\/\/www.veromicha.com\/index.php\/wp-json\/wp\/v2\/pages\/16","targetHints":{"allow":["GET"]}}],"collection":[{"href":"https:\/\/www.veromicha.com\/index.php\/wp-json\/wp\/v2\/pages"}],"about":[{"href":"https:\/\/www.veromicha.com\/index.php\/wp-json\/wp\/v2\/types\/page"}],"author":[{"embeddable":true,"href":"https:\/\/www.veromicha.com\/index.php\/wp-json\/wp\/v2\/users\/1"}],"replies":[{"embeddable":true,"href":"https:\/\/www.veromicha.com\/index.php\/wp-json\/wp\/v2\/comments?post=16"}],"version-history":[{"count":16,"href":"https:\/\/www.veromicha.com\/index.php\/wp-json\/wp\/v2\/pages\/16\/revisions"}],"predecessor-version":[{"id":237,"href":"https:\/\/www.veromicha.com\/index.php\/wp-json\/wp\/v2\/pages\/16\/revisions\/237"}],"wp:attachment":[{"href":"https:\/\/www.veromicha.com\/index.php\/wp-json\/wp\/v2\/media?parent=16"}],"curies":[{"name":"wp","href":"https:\/\/api.w.org\/{rel}","templated":true}]}}